{"id":3,"date":"2026-02-04T16:58:31","date_gmt":"2026-02-04T16:58:31","guid":{"rendered":"https:\/\/asgroup.at\/?page_id=3"},"modified":"2026-02-06T23:09:40","modified_gmt":"2026-02-06T23:09:40","slug":"datenschutz","status":"publish","type":"page","link":"https:\/\/asgroup.at\/?page_id=3","title":{"rendered":"Datenschutz"},"content":{"rendered":"\t\t<div data-elementor-type=\"wp-page\" data-elementor-id=\"3\" class=\"elementor elementor-3\">\n\t\t\t\t<div class=\"elementor-element elementor-element-7a8a6d80 e-flex e-con-boxed e-con e-parent\" data-id=\"7a8a6d80\" data-element_type=\"container\" data-e-type=\"container\">\n\t\t\t\t\t<div class=\"e-con-inner\">\n\t\t\t\t<div class=\"elementor-element elementor-element-3b8e61e8 elementor-widget elementor-widget-text-editor\" data-id=\"3b8e61e8\" data-element_type=\"widget\" data-e-type=\"widget\" data-widget_type=\"text-editor.default\">\n\t\t\t\t\t\t\t\t\t\n<h2 class=\"wp-block-heading\">Datenschutzerkl\u00e4rung<\/h2>\n\n\n\n<p>Der Schutz Ihrer pers\u00f6nlichen Daten ist uns ein besonderes Anliegen.<br>Wir verarbeiten Ihre Daten daher ausschlie\u00dflich auf Grundlage der gesetzlichen Bestimmungen der <strong>Datenschutz-Grundverordnung (DSGVO)<\/strong> und des <strong>Telekommunikationsgesetzes (TKG 2003)<\/strong>.<\/p>\n\n\n\n<p>Diese Datenschutzerkl\u00e4rung gilt f\u00fcr die Website <strong><a href=\"http:\/\/www.asgroup.at\">www.asgroup.at<\/a><\/strong>.<\/p>\n\n\n\n<h2 class=\"wp-block-heading\">1. Verantwortlicher<\/h2>\n\n\n\n<p><strong>AS Projects GmbH<\/strong><br>Geiselbergstra\u00dfe 58\/2<br>1110 Wien<br>\u00d6sterreich<\/p>\n\n\n\n<p>Telefon: +43 660 542 33 83<br>E-Mail: <a>office@asgroup.at<\/a><br>Website: <a href=\"http:\/\/www.asgroup.at\">www.asgroup.at<\/a><\/p>\n\n\n\n<h2 class=\"wp-block-heading\">2. Verarbeitung personenbezogener Daten<\/h2>\n\n\n\n<p>Wir verarbeiten personenbezogene Daten ausschlie\u00dflich dann, wenn Sie uns diese <strong>freiwillig<\/strong> zur Verf\u00fcgung stellen, insbesondere durch:<\/p>\n\n\n\n<ul class=\"wp-block-list\">\n<li>Nutzung des Kontaktformulars<\/li>\n\n\n\n<li>Kontaktaufnahme per E-Mail<\/li>\n\n\n\n<li>telefonische Anfragen<\/li>\n<\/ul>\n\n\n\n<p>Dabei k\u00f6nnen insbesondere folgende Daten verarbeitet werden:<\/p>\n\n\n\n<ul class=\"wp-block-list\">\n<li>Name<\/li>\n\n\n\n<li>E-Mail-Adresse<\/li>\n\n\n\n<li>Telefonnummer<\/li>\n\n\n\n<li>Inhalt Ihrer Anfrage<\/li>\n<\/ul>\n\n\n\n<p>Die Verarbeitung erfolgt ausschlie\u00dflich zum Zweck der <strong>Bearbeitung Ihrer Anfrage<\/strong> sowie zur <strong>weiteren Kommunikation<\/strong>.<\/p>\n\n\n\n<h2 class=\"wp-block-heading\">3. Zweck der Datenverarbeitung<\/h2>\n\n\n\n<p>Die von Ihnen zur Verf\u00fcgung gestellten personenbezogenen Daten werden zu folgenden Zwecken verarbeitet:<\/p>\n\n\n\n<ul class=\"wp-block-list\">\n<li>Bearbeitung von Anfragen<\/li>\n\n\n\n<li>Kommunikation mit Interessenten und Kunden<\/li>\n\n\n\n<li>Vertragsanbahnung und Vertragsabwicklung<\/li>\n<\/ul>\n\n\n\n<p>Eine Weitergabe Ihrer Daten an Dritte erfolgt <strong>nicht<\/strong>, sofern keine gesetzliche Verpflichtung besteht.<\/p>\n\n\n\n<h2 class=\"wp-block-heading\">4. Speicherdauer<\/h2>\n\n\n\n<p>Personenbezogene Daten werden nur so lange gespeichert, wie dies f\u00fcr die Erf\u00fcllung des jeweiligen Zwecks erforderlich ist oder gesetzliche Aufbewahrungsfristen bestehen.<\/p>\n\n\n\n<h2 class=\"wp-block-heading\">5. Server-Logfiles<\/h2>\n\n\n\n<p>Der Hosting-Provider der Website <strong><a href=\"http:\/\/www.asgroup.at\">www.asgroup.at<\/a><\/strong> erhebt und speichert automatisch Informationen in sogenannten Server-Logfiles. Diese umfassen insbesondere:<\/p>\n\n\n\n<ul class=\"wp-block-list\">\n<li>IP-Adresse<\/li>\n\n\n\n<li>Browsertyp und -version<\/li>\n\n\n\n<li>verwendetes Betriebssystem<\/li>\n\n\n\n<li>Referrer-URL<\/li>\n\n\n\n<li>Uhrzeit des Zugriffs<\/li>\n<\/ul>\n\n\n\n<p>Diese Daten sind <strong>nicht bestimmten Personen zuordenbar<\/strong> und dienen ausschlie\u00dflich der <strong>Sicherstellung eines st\u00f6rungsfreien Betriebs<\/strong> sowie der <strong>Verbesserung des Angebots<\/strong>.<\/p>\n\n\n\n<h2 class=\"wp-block-heading\">6. Cookies<\/h2>\n\n\n\n<p>Unsere Website verwendet Cookies, um grundlegende Funktionen sicherzustellen und die Benutzerfreundlichkeit zu verbessern.<\/p>\n\n\n\n<p>Cookies sind kleine Textdateien, die auf Ihrem Endger\u00e4t gespeichert werden. Sie k\u00f6nnen Ihren Browser so konfigurieren, dass Sie \u00fcber das Setzen von Cookies informiert werden oder Cookies generell ablehnen. Bei der Deaktivierung von Cookies kann die Funktionalit\u00e4t der Website eingeschr\u00e4nkt sein.<\/p>\n\n\n\n<h2 class=\"wp-block-heading\">7. Ihre Rechte<\/h2>\n\n\n\n<p>Ihnen stehen gem\u00e4\u00df DSGVO grunds\u00e4tzlich folgende Rechte zu:<\/p>\n\n\n\n<ul class=\"wp-block-list\">\n<li>Recht auf Auskunft<\/li>\n\n\n\n<li>Recht auf Berichtigung<\/li>\n\n\n\n<li>Recht auf L\u00f6schung<\/li>\n\n\n\n<li>Recht auf Einschr\u00e4nkung der Verarbeitung<\/li>\n\n\n\n<li>Recht auf Daten\u00fcbertragbarkeit<\/li>\n\n\n\n<li>Recht auf Widerruf einer Einwilligung<\/li>\n\n\n\n<li>Recht auf Widerspruch gegen die Verarbeitung<\/li>\n<\/ul>\n\n\n\n<p>Wenn Sie der Ansicht sind, dass die Verarbeitung Ihrer personenbezogenen Daten gegen das Datenschutzrecht verst\u00f6\u00dft, haben Sie das Recht, sich bei der <strong>\u00f6sterreichischen Datenschutzbeh\u00f6rde<\/strong> zu beschweren.<\/p>\n\n\n\n<h2 class=\"wp-block-heading\">8. Kontakt<\/h2>\n\n\n\n<p>F\u00fcr Fragen zum Datenschutz oder zur Verarbeitung Ihrer personenbezogenen Daten wenden Sie sich bitte an:<\/p>\n\n\n\n<p><strong><a>office@asgroup.at<\/a><\/strong><\/p>\n\n\n\n<h2 class=\"wp-block-heading\">9. \u00c4nderungen dieser Datenschutzerkl\u00e4rung<\/h2>\n\n\n\n<p>Wir behalten uns vor, diese Datenschutzerkl\u00e4rung bei Bedarf anzupassen, um sie an ge\u00e4nderte rechtliche oder technische Rahmenbedingungen anzupassen.<\/p>\n\n\n\n<p><\/p>\n\t\t\t\t\t\t\t\t<\/div>\n\t\t\t\t\t<\/div>\n\t\t\t\t<\/div>\n\t\t\t\t<\/div>\n\t\t","protected":false},"excerpt":{"rendered":"<p>Datenschutzerkl\u00e4rung Der Schutz Ihrer pers\u00f6nlichen Daten ist uns ein besonderes Anliegen.Wir verarbeiten Ihre Daten daher ausschlie\u00dflich auf Grundlage der gesetzlichen Bestimmungen der Datenschutz-Grundverordnung (DSGVO) und des Telekommunikationsgesetzes (TKG 2003). Diese Datenschutzerkl\u00e4rung gilt f\u00fcr die Website www.asgroup.at. 1. Verantwortlicher AS Projects GmbHGeiselbergstra\u00dfe 58\/21110 Wien\u00d6sterreich Telefon: +43 660 542 33 83E-Mail: office@asgroup.atWebsite: www.asgroup.at 2. Verarbeitung personenbezogener Daten [&hellip;]<\/p>\n","protected":false},"author":1,"featured_media":0,"parent":0,"menu_order":0,"comment_status":"closed","ping_status":"closed","template":"elementor_header_footer","meta":{"_monsterinsights_skip_tracking":false,"_monsterinsights_sitenote_active":false,"_monsterinsights_sitenote_note":"","_monsterinsights_sitenote_category":0,"footnotes":""},"class_list":["post-3","page","type-page","status-publish","hentry"],"aioseo_notices":[],"_links":{"self":[{"href":"https:\/\/asgroup.at\/index.php?rest_route=\/wp\/v2\/pages\/3","targetHints":{"allow":["GET"]}}],"collection":[{"href":"https:\/\/asgroup.at\/index.php?rest_route=\/wp\/v2\/pages"}],"about":[{"href":"https:\/\/asgroup.at\/index.php?rest_route=\/wp\/v2\/types\/page"}],"author":[{"embeddable":true,"href":"https:\/\/asgroup.at\/index.php?rest_route=\/wp\/v2\/users\/1"}],"replies":[{"embeddable":true,"href":"https:\/\/asgroup.at\/index.php?rest_route=%2Fwp%2Fv2%2Fcomments&post=3"}],"version-history":[{"count":9,"href":"https:\/\/asgroup.at\/index.php?rest_route=\/wp\/v2\/pages\/3\/revisions"}],"predecessor-version":[{"id":4858,"href":"https:\/\/asgroup.at\/index.php?rest_route=\/wp\/v2\/pages\/3\/revisions\/4858"}],"wp:attachment":[{"href":"https:\/\/asgroup.at\/index.php?rest_route=%2Fwp%2Fv2%2Fmedia&parent=3"}],"curies":[{"name":"wp","href":"https:\/\/api.w.org\/{rel}","templated":true}]}}