{"id":3388,"date":"2022-06-27T10:26:18","date_gmt":"2022-06-27T10:26:18","guid":{"rendered":"https:\/\/asgroup.at\/?page_id=3388"},"modified":"2026-02-06T23:32:09","modified_gmt":"2026-02-06T23:32:09","slug":"impressum","status":"publish","type":"page","link":"https:\/\/asgroup.at\/?page_id=3388","title":{"rendered":"Impressum"},"content":{"rendered":"\t\t<div data-elementor-type=\"wp-page\" data-elementor-id=\"3388\" class=\"elementor elementor-3388\">\n\t\t\t\t<div class=\"elementor-element elementor-element-a9066eb e-flex e-con-boxed e-con e-parent\" data-id=\"a9066eb\" data-element_type=\"container\" data-e-type=\"container\">\n\t\t\t\t\t<div class=\"e-con-inner\">\n\t\t\t\t<div class=\"elementor-element elementor-element-d8db8fc elementor-widget elementor-widget-heading\" data-id=\"d8db8fc\" data-element_type=\"widget\" data-e-type=\"widget\" data-widget_type=\"heading.default\">\n\t\t\t\t\t<h2 class=\"elementor-heading-title elementor-size-default\">IMPRESSUM<\/h2>\t\t\t\t<\/div>\n\t\t\t\t\t<\/div>\n\t\t\t\t<\/div>\n\t\t<div class=\"elementor-element elementor-element-1537f0c e-flex e-con-boxed e-con e-parent\" data-id=\"1537f0c\" data-element_type=\"container\" data-e-type=\"container\">\n\t\t\t\t\t<div class=\"e-con-inner\">\n\t\t\t\t<div class=\"elementor-element elementor-element-b716ccf elementor-widget elementor-widget-text-editor\" data-id=\"b716ccf\" data-element_type=\"widget\" data-e-type=\"widget\" data-widget_type=\"text-editor.default\">\n\t\t\t\t\t\t\t\t\t<p>Informationspflicht laut \u00a75 E-Commerce-Gesetz, \u00a714 Unternehmensgesetzbuch, \u00a763 Gewerbeordnung und Offenlegungspflicht laut \u00a725 Mediengesetz.<\/p>\t\t\t\t\t\t\t\t<\/div>\n\t\t\t\t\t<\/div>\n\t\t\t\t<\/div>\n\t\t<div class=\"elementor-element elementor-element-de1273e e-grid e-con-boxed e-con e-parent\" data-id=\"de1273e\" data-element_type=\"container\" data-e-type=\"container\">\n\t\t\t\t\t<div class=\"e-con-inner\">\n\t\t\t\t<div class=\"elementor-element elementor-element-e093dbd elementor-widget elementor-widget-text-editor\" data-id=\"e093dbd\" data-element_type=\"widget\" data-e-type=\"widget\" data-widget_type=\"text-editor.default\">\n\t\t\t\t\t\t\t\t\t<p>AS Projects GmbH<br \/>\u200dGeiselbergstra\u00dfe 58\/1-2<br \/>1110 Wien<\/p>\t\t\t\t\t\t\t\t<\/div>\n\t\t\t\t<div class=\"elementor-element elementor-element-1998eb1 elementor-widget elementor-widget-text-editor\" data-id=\"1998eb1\" data-element_type=\"widget\" data-e-type=\"widget\" data-widget_type=\"text-editor.default\">\n\t\t\t\t\t\t\t\t\t<p>FN 598082 h<br \/>Handelsgericht Wien<br \/>ATU= NEU<\/p>\t\t\t\t\t\t\t\t<\/div>\n\t\t\t\t<div class=\"elementor-element elementor-element-f3807e6 elementor-widget elementor-widget-text-editor\" data-id=\"f3807e6\" data-element_type=\"widget\" data-e-type=\"widget\" data-widget_type=\"text-editor.default\">\n\t\t\t\t\t\t\t\t\t<p>BKS Bank<br \/>AT36 1700 0001 4400 5848<br \/>BFKKAT2K<\/p>\t\t\t\t\t\t\t\t<\/div>\n\t\t\t\t<div class=\"elementor-element elementor-element-e5df338 elementor-widget elementor-widget-text-editor\" data-id=\"e5df338\" data-element_type=\"widget\" data-e-type=\"widget\" data-widget_type=\"text-editor.default\">\n\t\t\t\t\t\t\t\t\t<p><a class=\"link\" href=\"tel:+436605423383\">+43 660 54 233 83<\/a><br \/><a class=\"link\" href=\"mailto:office@saglamcreatives.at?subject=Anfrage\">office@asgroup.at<br \/>\u200d<\/a><strong class=\"text is-small is-bold\">www.asgroup.at<\/strong><\/p>\t\t\t\t\t\t\t\t<\/div>\n\t\t\t\t<div class=\"elementor-element elementor-element-33ca061 elementor-widget elementor-widget-text-editor\" data-id=\"33ca061\" data-element_type=\"widget\" data-e-type=\"widget\" data-widget_type=\"text-editor.default\">\n\t\t\t\t\t\t\t\t\t<p><img decoding=\"async\" class=\"wko-logo\" src=\"https:\/\/cdn.prod.website-files.com\/66f6c86a28c07d1eec1db7f2\/66fffa7b006c39b47d2c4276_wko-logo.avif\" alt=\"Saglam Creatives Solutions\" \/><\/p>\t\t\t\t\t\t\t\t<\/div>\n\t\t\t\t\t<\/div>\n\t\t\t\t<\/div>\n\t\t\t\t<section class=\"elementor-section elementor-top-section elementor-element elementor-element-1e001b50 elementor-section-boxed elementor-section-height-default elementor-section-height-default\" data-id=\"1e001b50\" data-element_type=\"section\" data-e-type=\"section\">\n\t\t\t\t\t\t<div class=\"elementor-container elementor-column-gap-default\">\n\t\t\t\t\t<div class=\"elementor-column elementor-col-100 elementor-top-column elementor-element elementor-element-3c98f919\" data-id=\"3c98f919\" data-element_type=\"column\" data-e-type=\"column\">\n\t\t\t<div class=\"elementor-widget-wrap elementor-element-populated\">\n\t\t\t\t\t\t<div class=\"elementor-element elementor-element-600ea437 elementor-widget elementor-widget-text-editor\" data-id=\"600ea437\" data-element_type=\"widget\" data-e-type=\"widget\" data-widget_type=\"text-editor.default\">\n\t\t\t\t\t\t\t\t\t\n<div class=\"imp_details-wrapper\">\n<h3 class=\"txt\">Warnhinweis zu Inhalten<\/h3>\n<\/div>\n<div class=\"impressum_text-wrapper\">\n<div class=\"text is-small\">Wir entwickeln die Inhalte dieser Website laufend weiter und bem\u00fchen uns, korrekte und aktuelle Informationen bereitzustellen. Dennoch k\u00f6nnen wir keine Haftung f\u00fcr die Richtigkeit s\u00e4mtlicher Inhalte \u00fcbernehmen \u2013 insbesondere f\u00fcr solche, die von Dritten bereitgestellt wurden. Als Diensteanbieter sind wir nicht verpflichtet, \u00fcbermittelte oder gespeicherte Informationen zu \u00fcberwachen oder nach Hinweisen auf rechtswidrige T\u00e4tigkeiten zu suchen. Unsere Verpflichtungen zur Entfernung oder Sperrung der Nutzung von Informationen gem\u00e4\u00df den allgemeinen Gesetzen bleiben hiervon unber\u00fchrt, auch wenn wir f\u00fcr diese Inhalte nicht verantwortlich sind. Sollten Ihnen problematische oder rechtswidrige Inhalte auffallen, bitten wir Sie, uns umgehend zu kontaktieren. Die entsprechenden Kontaktdaten finden Sie im Impressum.<\/div>\n<h3 class=\"h5\">Externe Links<\/h3>\n<div class=\"text is-small\">Unsere Website enth\u00e4lt Links zu externen Websites Dritter. F\u00fcr deren Inhalte \u00fcbernehmen wir keine Verantwortung, da wir zum Zeitpunkt der Verlinkung keine rechtswidrigen Inhalte erkennen konnten. Eine permanente inhaltliche Kontrolle der verlinkten Seiten ist jedoch ohne konkrete Anhaltspunkte einer Rechtsverletzung nicht zumutbar. Bei Bekanntwerden von Rechtsverletzungen werden wir derartige Links umgehend entfernen. Wenn Ihnen verd\u00e4chtige oder rechtswidrige Links auffallen, freuen wir uns \u00fcber einen Hinweis. Die Kontaktdaten finden Sie im Impressum.<\/div>\n<h3 class=\"h5\">Urheberrechtshinweis<\/h3>\n<div class=\"text is-small\">Alle Inhalte dieser Website (z.\u202fB. Texte, Bilder, Fotos, Videos) unterliegen dem Urheberrecht. Eine Vervielf\u00e4ltigung, Verbreitung oder sonstige Nutzung der Inhalte \u2013 insbesondere auf anderen Websites \u2013 bedarf unserer vorherigen schriftlichen Zustimmung. Sollten Sie Inhalte entdecken, die gegen das Urheberrecht versto\u00dfen, bitten wir um einen entsprechenden Hinweis. Bei berechtigten Beanstandungen werden wir die Inhalte umgehend entfernen.<\/div>\n<h3 class=\"h5\">EU-Streitschlichtung<\/h3>\n<div class=\"text is-small\">Gem\u00e4\u00df der Verordnung \u00fcber Online-Streitbeilegung in Verbraucherangelegenheiten (ODR-Verordnung) m\u00f6chten wir Sie auf die Online-Streitbeilegungsplattform der Europ\u00e4ischen Kommission hinweisen:\u00a0<a href=\"http:\/\/ec.europa.eu\/odr\" target=\"_new\">http:\/\/ec.europa.eu\/odr<\/a>\u00a0Verbraucher haben die M\u00f6glichkeit, Beschwerden an diese Plattform zu richten. Unsere Kontaktdaten finden Sie oben im Impressum. Wir weisen jedoch darauf hin, dass wir nicht bereit oder verpflichtet sind, an einem Streitbeilegungsverfahren vor einer Verbraucherschlichtungsstelle teilzunehmen.<\/div>\n<h3 class=\"h5\">Bildernachweis<\/h3>\n<div class=\"text is-small\">Alle Bilder, Fotos und Grafiken auf dieser Website sind urheberrechtlich gesch\u00fctzt. Die Bildrechte liegen bei: Saglam Creatives Solutions GmbH<\/div>\n<\/div>\n\t\t\t\t\t\t\t\t<\/div>\n\t\t\t\t\t<\/div>\n\t\t<\/div>\n\t\t\t\t\t<\/div>\n\t\t<\/section>\n\t\t\t\t<\/div>\n\t\t","protected":false},"excerpt":{"rendered":"<p>IMPRESSUM Informationspflicht laut \u00a75 E-Commerce-Gesetz, \u00a714 Unternehmensgesetzbuch, \u00a763 Gewerbeordnung und Offenlegungspflicht laut \u00a725 Mediengesetz. AS Projects GmbH\u200dGeiselbergstra\u00dfe 58\/1-21110 Wien FN 598082 hHandelsgericht WienATU= NEU BKS BankAT36 1700 0001 4400 5848BFKKAT2K +43 660 54 233 83office@asgroup.at\u200dwww.asgroup.at Warnhinweis zu Inhalten Wir entwickeln die Inhalte dieser Website laufend weiter und bem\u00fchen uns, korrekte und aktuelle Informationen bereitzustellen. Dennoch [&hellip;]<\/p>\n","protected":false},"author":1,"featured_media":0,"parent":0,"menu_order":0,"comment_status":"closed","ping_status":"closed","template":"elementor_header_footer","meta":{"_monsterinsights_skip_tracking":false,"_monsterinsights_sitenote_active":false,"_monsterinsights_sitenote_note":"","_monsterinsights_sitenote_category":0,"footnotes":""},"class_list":["post-3388","page","type-page","status-publish","hentry"],"aioseo_notices":[],"_links":{"self":[{"href":"https:\/\/asgroup.at\/index.php?rest_route=\/wp\/v2\/pages\/3388","targetHints":{"allow":["GET"]}}],"collection":[{"href":"https:\/\/asgroup.at\/index.php?rest_route=\/wp\/v2\/pages"}],"about":[{"href":"https:\/\/asgroup.at\/index.php?rest_route=\/wp\/v2\/types\/page"}],"author":[{"embeddable":true,"href":"https:\/\/asgroup.at\/index.php?rest_route=\/wp\/v2\/users\/1"}],"replies":[{"embeddable":true,"href":"https:\/\/asgroup.at\/index.php?rest_route=%2Fwp%2Fv2%2Fcomments&post=3388"}],"version-history":[{"count":13,"href":"https:\/\/asgroup.at\/index.php?rest_route=\/wp\/v2\/pages\/3388\/revisions"}],"predecessor-version":[{"id":4876,"href":"https:\/\/asgroup.at\/index.php?rest_route=\/wp\/v2\/pages\/3388\/revisions\/4876"}],"wp:attachment":[{"href":"https:\/\/asgroup.at\/index.php?rest_route=%2Fwp%2Fv2%2Fmedia&parent=3388"}],"curies":[{"name":"wp","href":"https:\/\/api.w.org\/{rel}","templated":true}]}}