{"id":560,"date":"2022-06-13T09:18:18","date_gmt":"2022-06-13T09:18:18","guid":{"rendered":"https:\/\/asgroup.at\/?page_id=560"},"modified":"2026-02-07T23:16:57","modified_gmt":"2026-02-07T23:16:57","slug":"project-6","status":"publish","type":"page","link":"https:\/\/asgroup.at\/?page_id=560","title":{"rendered":"Projects"},"content":{"rendered":"\t\t<div data-elementor-type=\"wp-page\" data-elementor-id=\"560\" class=\"elementor elementor-560\">\n\t\t\t\t\t\t<section class=\"elementor-section elementor-top-section elementor-element elementor-element-f600624 elementor-section-boxed elementor-section-height-default elementor-section-height-default\" data-id=\"f600624\" data-element_type=\"section\" data-e-type=\"section\">\n\t\t\t\t\t\t<div class=\"elementor-container elementor-column-gap-no\">\n\t\t\t\t\t<div class=\"elementor-column elementor-col-100 elementor-top-column elementor-element elementor-element-67237bd\" data-id=\"67237bd\" data-element_type=\"column\" data-e-type=\"column\">\n\t\t\t<div class=\"elementor-widget-wrap elementor-element-populated\">\n\t\t\t\t\t\t<div class=\"elementor-element elementor-element-145e250 elementor-widget elementor-widget-retirio_elementor_heading\" data-id=\"145e250\" data-element_type=\"widget\" data-e-type=\"widget\" data-widget_type=\"retirio_elementor_heading.default\">\n\t\t\t\t<div class=\"elementor-widget-container\">\n\t\t\t\t\t\n\t\t<div class=\"ova-title\">\n\n\t\t\t\t\t\t\t<h3 class=\"sub-title\">Unsere aktuellen Projekte<\/h3>\n\t\t\t\n\t\t\t\t\t\t\t\t\t\t\t\t\t\t<h2 class=\"title\">\n\t\t\t\t\t\t\t\tEin \u00dcberblick \u00fcber unsere ausgef\u00fchrten <span class=\"underline\">Arbeiten<\/span>\t\t\t\t\t\t\t<\/h2>\n\t\t\t\t\t\t\t\n\t\t\t\n\t\t<\/div> \n\t\t\t\t\t\t<\/div>\n\t\t\t\t<\/div>\n\t\t\t\t<div class=\"elementor-element elementor-element-7d85101 elementor-widget elementor-widget-ova_elementor_project_filter\" data-id=\"7d85101\" data-element_type=\"widget\" data-e-type=\"widget\" data-widget_type=\"ova_elementor_project_filter.default\">\n\t\t\t\t<div class=\"elementor-widget-container\">\n\t\t\t\t\t\n\n<div class=\"ova-project project-filter\">\n\n    \n\n                        <ul class=\"project-filter-button-wrapper\">\n\n                <li class=\"project-filter-button active-category\" data-filter=\"*\">\n                    All                <\/li>\n\n                \n                    <li class=\"project-filter-button\" data-slug=\".fassade\">\n                        Fassade                    <\/li>\n                   \n                \n                    <li class=\"project-filter-button\" data-slug=\".garten\">\n                        Garten                    <\/li>\n                   \n                \n                    <li class=\"project-filter-button\" data-slug=\".sanierung\">\n                        Sanierung                    <\/li>\n                   \n                \n                    <li class=\"project-filter-button\" data-slug=\".sanitar\">\n                        Sanit\u00e4r                    <\/li>\n                   \n                \n            <\/ul>\n         \n        <div class=\"content-pro grid-project three_column\">\n\n            \n                \t\t\n<div class=\"ovapro-item item-project-6 garten\">\n\n\t<div class=\"img-project\">\n\t\t\n\t\t<!-- Image -->\n\t\t\t    <a href=\"https:\/\/asgroup.at\/?ova_projects=gartengestaltung\" >\n\t    \t\n\t    \t<img decoding=\"async\" src=\"https:\/\/asgroup.at\/wp-content\/uploads\/2022\/06\/garten13-390x473.png\" class=\"img-responsive project-img\" alt=\"Gartengestaltung\">\n\t    \t\t<\/a>\n\t\t\t\n\n\t<\/div>\n\n\t<!-- Info -->\n\t<div class=\"info\">\n\n\t\t<!-- Category -->\n\t\t\t\t\t<div class=\"project-category\">\n\t\t\t\t<a href=\"https:\/\/asgroup.at\/?category_project=garten\" title=\"Garten\">Garten<\/a>\t\n\t\t\t<\/div>\n\t\t\n\t\t<h3 class=\"name\">\n\t\t\t\t\t    \t<a href=\"https:\/\/asgroup.at\/?ova_projects=gartengestaltung\" >\n\t\t    \t\n\t\t    \n\t\t\t\tGartengestaltung\n\t\t\t\t\t\t\t<\/a>\n\t\t\t\t\n\t\t<\/h3>\n\n\t<\/div>\n\t\n<\/div>                    \n            \n                \t\t\n<div class=\"ovapro-item item-project-6 fassade\">\n\n\t<div class=\"img-project\">\n\t\t\n\t\t<!-- Image -->\n\t\t\t    <a href=\"https:\/\/asgroup.at\/?ova_projects=fassadensanierung\" >\n\t    \t\n\t    \t<img decoding=\"async\" src=\"https:\/\/asgroup.at\/wp-content\/uploads\/2022\/06\/fassade3-390x473.png\" class=\"img-responsive project-img\" alt=\"Fassaden\u00adsanierung &#038; Au\u00dfenmodernisierung\">\n\t    \t\t<\/a>\n\t\t\t\n\n\t<\/div>\n\n\t<!-- Info -->\n\t<div class=\"info\">\n\n\t\t<!-- Category -->\n\t\t\t\t\t<div class=\"project-category\">\n\t\t\t\t<a href=\"https:\/\/asgroup.at\/?category_project=fassade\" title=\"Fassade\">Fassade<\/a>\t\n\t\t\t<\/div>\n\t\t\n\t\t<h3 class=\"name\">\n\t\t\t\t\t    \t<a href=\"https:\/\/asgroup.at\/?ova_projects=fassadensanierung\" >\n\t\t    \t\n\t\t    \n\t\t\t\tFassaden\u00adsanierung &#038; Au\u00dfenmodernisierung\n\t\t\t\t\t\t\t<\/a>\n\t\t\t\t\n\t\t<\/h3>\n\n\t<\/div>\n\t\n<\/div>                    \n            \n                \t\t\n<div class=\"ovapro-item item-project-6 sanitar\">\n\n\t<div class=\"img-project\">\n\t\t\n\t\t<!-- Image -->\n\t\t\t    <a href=\"https:\/\/asgroup.at\/?ova_projects=badezimmer\" >\n\t    \t\n\t    \t<img decoding=\"async\" src=\"https:\/\/asgroup.at\/wp-content\/uploads\/2022\/06\/bad10-390x473.png\" class=\"img-responsive project-img\" alt=\"Modernes Badezimmer\">\n\t    \t\t<\/a>\n\t\t\t\n\n\t<\/div>\n\n\t<!-- Info -->\n\t<div class=\"info\">\n\n\t\t<!-- Category -->\n\t\t\t\t\t<div class=\"project-category\">\n\t\t\t\t<a href=\"https:\/\/asgroup.at\/?category_project=sanitar\" title=\"Sanit\u00e4r\">Sanit\u00e4r<\/a>\t\n\t\t\t<\/div>\n\t\t\n\t\t<h3 class=\"name\">\n\t\t\t\t\t    \t<a href=\"https:\/\/asgroup.at\/?ova_projects=badezimmer\" >\n\t\t    \t\n\t\t    \n\t\t\t\tModernes Badezimmer\n\t\t\t\t\t\t\t<\/a>\n\t\t\t\t\n\t\t<\/h3>\n\n\t<\/div>\n\t\n<\/div>                    \n            \n                \t\t\n<div class=\"ovapro-item item-project-6 sanierung\">\n\n\t<div class=\"img-project\">\n\t\t\n\t\t<!-- Image -->\n\t\t\t    <a href=\"https:\/\/asgroup.at\/?ova_projects=eichenparkett\" >\n\t    \t\n\t    \t<img decoding=\"async\" src=\"https:\/\/asgroup.at\/wp-content\/uploads\/2022\/06\/parkett1-390x473.png\" class=\"img-responsive project-img\" alt=\"Eichenparkett &#038; Stiegen\">\n\t    \t\t<\/a>\n\t\t\t\n\n\t<\/div>\n\n\t<!-- Info -->\n\t<div class=\"info\">\n\n\t\t<!-- Category -->\n\t\t\t\t\t<div class=\"project-category\">\n\t\t\t\t<a href=\"https:\/\/asgroup.at\/?category_project=sanierung\" title=\"Sanierung\">Sanierung<\/a>\t\n\t\t\t<\/div>\n\t\t\n\t\t<h3 class=\"name\">\n\t\t\t\t\t    \t<a href=\"https:\/\/asgroup.at\/?ova_projects=eichenparkett\" >\n\t\t    \t\n\t\t    \n\t\t\t\tEichenparkett &#038; Stiegen\n\t\t\t\t\t\t\t<\/a>\n\t\t\t\t\n\t\t<\/h3>\n\n\t<\/div>\n\t\n<\/div>                    \n            \n                \t\t\n<div class=\"ovapro-item item-project-6 sanitar\">\n\n\t<div class=\"img-project\">\n\t\t\n\t\t<!-- Image -->\n\t\t\t    <a href=\"https:\/\/asgroup.at\/?ova_projects=domestic\" >\n\t    \t\n\t    \t<img decoding=\"async\" src=\"https:\/\/asgroup.at\/wp-content\/uploads\/2022\/06\/Domestic-390x473.jpg\" class=\"img-responsive project-img\" alt=\"Domestic\">\n\t    \t\t<\/a>\n\t\t\t\n\n\t<\/div>\n\n\t<!-- Info -->\n\t<div class=\"info\">\n\n\t\t<!-- Category -->\n\t\t\t\t\t<div class=\"project-category\">\n\t\t\t\t<a href=\"https:\/\/asgroup.at\/?category_project=sanitar\" title=\"Sanit\u00e4r\">Sanit\u00e4r<\/a>\t\n\t\t\t<\/div>\n\t\t\n\t\t<h3 class=\"name\">\n\t\t\t\t\t    \t<a href=\"https:\/\/asgroup.at\/?ova_projects=domestic\" >\n\t\t    \t\n\t\t    \n\t\t\t\tDomestic\n\t\t\t\t\t\t\t<\/a>\n\t\t\t\t\n\t\t<\/h3>\n\n\t<\/div>\n\t\n<\/div>                    \n            \n                \t\t\n<div class=\"ovapro-item item-project-6 sanitar\">\n\n\t<div class=\"img-project\">\n\t\t\n\t\t<!-- Image -->\n\t\t\t    <a href=\"https:\/\/asgroup.at\/?ova_projects=buildings\" >\n\t    \t\n\t    \t<img decoding=\"async\" src=\"https:\/\/asgroup.at\/wp-content\/uploads\/2022\/06\/buildings-390x473.jpg\" class=\"img-responsive project-img\" alt=\"Buildings\">\n\t    \t\t<\/a>\n\t\t\t\n\n\t<\/div>\n\n\t<!-- Info -->\n\t<div class=\"info\">\n\n\t\t<!-- Category -->\n\t\t\t\t\t<div class=\"project-category\">\n\t\t\t\t<a href=\"https:\/\/asgroup.at\/?category_project=sanitar\" title=\"Sanit\u00e4r\">Sanit\u00e4r<\/a>\t\n\t\t\t<\/div>\n\t\t\n\t\t<h3 class=\"name\">\n\t\t\t\t\t    \t<a href=\"https:\/\/asgroup.at\/?ova_projects=buildings\" >\n\t\t    \t\n\t\t    \n\t\t\t\tBuildings\n\t\t\t\t\t\t\t<\/a>\n\t\t\t\t\n\t\t<\/h3>\n\n\t<\/div>\n\t\n<\/div>                    \n                        \n        <\/div>\n    \n    <div class=\"ova-nodata\">\n        <h4>no data<\/h4>\n    <\/div>\n<\/div>\t\t\t\t<\/div>\n\t\t\t\t<\/div>\n\t\t\t\t\t<\/div>\n\t\t<\/div>\n\t\t\t\t\t<\/div>\n\t\t<\/section>\n\t\t\t\t<\/div>\n\t\t","protected":false},"excerpt":{"rendered":"<p>Unsere aktuellen Projekte Ein \u00dcberblick \u00fcber unsere ausgef\u00fchrten Arbeiten All Fassade Garten Sanierung Sanit\u00e4r Garten Gartengestaltung Sanierung Cozy living room Sanierung Richard Rogers Sanierung Philip Johnson Sanit\u00e4r Domestic Sanit\u00e4r Buildings no data<\/p>\n","protected":false},"author":1,"featured_media":0,"parent":0,"menu_order":0,"comment_status":"closed","ping_status":"closed","template":"elementor_header_footer","meta":{"_monsterinsights_skip_tracking":false,"_monsterinsights_sitenote_active":false,"_monsterinsights_sitenote_note":"","_monsterinsights_sitenote_category":0,"footnotes":""},"class_list":["post-560","page","type-page","status-publish","hentry"],"aioseo_notices":[],"_links":{"self":[{"href":"https:\/\/asgroup.at\/index.php?rest_route=\/wp\/v2\/pages\/560","targetHints":{"allow":["GET"]}}],"collection":[{"href":"https:\/\/asgroup.at\/index.php?rest_route=\/wp\/v2\/pages"}],"about":[{"href":"https:\/\/asgroup.at\/index.php?rest_route=\/wp\/v2\/types\/page"}],"author":[{"embeddable":true,"href":"https:\/\/asgroup.at\/index.php?rest_route=\/wp\/v2\/users\/1"}],"replies":[{"embeddable":true,"href":"https:\/\/asgroup.at\/index.php?rest_route=%2Fwp%2Fv2%2Fcomments&post=560"}],"version-history":[{"count":4,"href":"https:\/\/asgroup.at\/index.php?rest_route=\/wp\/v2\/pages\/560\/revisions"}],"predecessor-version":[{"id":4958,"href":"https:\/\/asgroup.at\/index.php?rest_route=\/wp\/v2\/pages\/560\/revisions\/4958"}],"wp:attachment":[{"href":"https:\/\/asgroup.at\/index.php?rest_route=%2Fwp%2Fv2%2Fmedia&parent=560"}],"curies":[{"name":"wp","href":"https:\/\/api.w.org\/{rel}","templated":true}]}}